{"id":6276,"date":"2022-12-03T15:59:11","date_gmt":"2022-12-03T14:59:11","guid":{"rendered":"https:\/\/www.koubukan.ch\/?page_id=6276"},"modified":"2025-04-30T11:15:31","modified_gmt":"2025-04-30T09:15:31","slug":"krav-maga","status":"publish","type":"page","link":"https:\/\/www.koubukan.ch\/?page_id=6276","title":{"rendered":"Krav Maga"},"content":{"rendered":"\n\n\n<h2>Trainingslokal Sumiswald<\/h2>\n<p>Das Trainingslokal Sumiswald befindet sich im Nebengeb\u00e4ude des ehemaligen Gasthofs Hirschen an der Gr\u00fcnenstrasse 2 in 3455 Gr\u00fcnen.<\/p>\n\n\n\n<figure class=\"wp-block-image size-large\"><a href=\"https:\/\/www.koubukan.ch\/wp-content\/uploads\/2025\/04\/Dojo-Sumiswald-1.jpeg\"><img loading=\"lazy\" decoding=\"async\" width=\"1024\" height=\"577\" src=\"https:\/\/www.koubukan.ch\/wp-content\/uploads\/2025\/04\/Dojo-Sumiswald-1-1024x577.jpeg\" alt=\"\" class=\"wp-image-7028\" srcset=\"https:\/\/www.koubukan.ch\/wp-content\/uploads\/2025\/04\/Dojo-Sumiswald-1-1024x577.jpeg 1024w, https:\/\/www.koubukan.ch\/wp-content\/uploads\/2025\/04\/Dojo-Sumiswald-1-300x169.jpeg 300w, https:\/\/www.koubukan.ch\/wp-content\/uploads\/2025\/04\/Dojo-Sumiswald-1-768x432.jpeg 768w, https:\/\/www.koubukan.ch\/wp-content\/uploads\/2025\/04\/Dojo-Sumiswald-1-1536x865.jpeg 1536w, https:\/\/www.koubukan.ch\/wp-content\/uploads\/2025\/04\/Dojo-Sumiswald-1.jpeg 2048w\" sizes=\"(max-width: 706px) 89vw, (max-width: 767px) 82vw, 740px\" \/><\/a><\/figure>\n\n\n\n<h2>Trainingslokal Langnau i.E<\/h2>\n<p>Das Trainingslokal Langnau i.E befindet sich im Untergeschoss der Turnhalle an der Ilfis 69 in 3550 Langnau i.E.<\/p>\n\n\n\n<figure class=\"wp-block-gallery has-nested-images columns-default is-cropped wp-block-gallery-1 is-layout-flex wp-block-gallery-is-layout-flex\">\n<figure class=\"wp-block-image size-large\"><a href=\"https:\/\/www.koubukan.ch\/wp-content\/uploads\/2022\/12\/IMG-20221203-WA0005.jpg\"><img loading=\"lazy\" decoding=\"async\" width=\"1024\" height=\"768\" data-id=\"6283\" src=\"https:\/\/www.koubukan.ch\/wp-content\/uploads\/2022\/12\/IMG-20221203-WA0005-1024x768.jpg\" alt=\"\" class=\"wp-image-6283\" srcset=\"https:\/\/www.koubukan.ch\/wp-content\/uploads\/2022\/12\/IMG-20221203-WA0005-1024x768.jpg 1024w, https:\/\/www.koubukan.ch\/wp-content\/uploads\/2022\/12\/IMG-20221203-WA0005-300x225.jpg 300w, https:\/\/www.koubukan.ch\/wp-content\/uploads\/2022\/12\/IMG-20221203-WA0005-768x576.jpg 768w, https:\/\/www.koubukan.ch\/wp-content\/uploads\/2022\/12\/IMG-20221203-WA0005-1536x1152.jpg 1536w, https:\/\/www.koubukan.ch\/wp-content\/uploads\/2022\/12\/IMG-20221203-WA0005.jpg 2048w\" sizes=\"(max-width: 706px) 89vw, (max-width: 767px) 82vw, 740px\" \/><\/a><\/figure>\n<\/figure>\n","protected":false},"excerpt":{"rendered":"<p>Trainingslokal Sumiswald Das Trainingslokal Sumiswald befindet sich im Nebengeb\u00e4ude des ehemaligen Gasthofs Hirschen an der Gr\u00fcnenstrasse 2 in 3455 Gr\u00fcnen. Trainingslokal Langnau i.E Das Trainingslokal Langnau i.E befindet sich im Untergeschoss der Turnhalle an der Ilfis 69 in 3550 Langnau i.E.<\/p>\n","protected":false},"author":6,"featured_media":0,"parent":0,"menu_order":0,"comment_status":"closed","ping_status":"closed","template":"","meta":{"footnotes":""},"_links":{"self":[{"href":"https:\/\/www.koubukan.ch\/index.php?rest_route=\/wp\/v2\/pages\/6276"}],"collection":[{"href":"https:\/\/www.koubukan.ch\/index.php?rest_route=\/wp\/v2\/pages"}],"about":[{"href":"https:\/\/www.koubukan.ch\/index.php?rest_route=\/wp\/v2\/types\/page"}],"author":[{"embeddable":true,"href":"https:\/\/www.koubukan.ch\/index.php?rest_route=\/wp\/v2\/users\/6"}],"replies":[{"embeddable":true,"href":"https:\/\/www.koubukan.ch\/index.php?rest_route=%2Fwp%2Fv2%2Fcomments&post=6276"}],"version-history":[{"count":8,"href":"https:\/\/www.koubukan.ch\/index.php?rest_route=\/wp\/v2\/pages\/6276\/revisions"}],"predecessor-version":[{"id":7036,"href":"https:\/\/www.koubukan.ch\/index.php?rest_route=\/wp\/v2\/pages\/6276\/revisions\/7036"}],"wp:attachment":[{"href":"https:\/\/www.koubukan.ch\/index.php?rest_route=%2Fwp%2Fv2%2Fmedia&parent=6276"}],"curies":[{"name":"wp","href":"https:\/\/api.w.org\/{rel}","templated":true}]}}